{"id":95,"date":"2019-08-19T23:12:20","date_gmt":"2019-08-19T21:12:20","guid":{"rendered":"http:\/\/societetpm.com\/?page_id=95"},"modified":"2019-10-27T18:05:46","modified_gmt":"2019-10-27T17:05:46","slug":"ouvrages-de-maconnerie-genie-civil-travaux-speciaux","status":"publish","type":"page","link":"https:\/\/societetpm.com\/index.php\/ouvrages-de-maconnerie-genie-civil-travaux-speciaux\/","title":{"rendered":"Ouvrages de ma\u00e7onnerie &#8211; G\u00e9nie civil &#8211; Travaux sp\u00e9ciaux"},"content":{"rendered":"\n<p>TPM poss\u00e8de des \u00e9quipes sp\u00e9cialis\u00e9es dans le domaine de la ma\u00e7onnerie\ntraditionnelle et de la mise en \u0153uvre de b\u00e9ton arm\u00e9. <\/p>\n\n\n\n<p>Cette sp\u00e9cialisation nous permet de r\u00e9pondre et de satisfaire aux demandes d\u2019architectes dans le cadre de diff\u00e9rents am\u00e9nagements sp\u00e9cifiques tels que la r\u00e9alisation de&nbsp;:<\/p>\n\n\n\n<ul><li>divers ouvrages RATP,<\/li><li>murets r\u00e9sidentiels,<\/li><li>ouvrages urbains,<\/li><li>ouvrages d&rsquo;assainissement en b\u00e9ton,<\/li><li>abris encombrants,<\/li><li>entretien d&rsquo;ouvrages d&rsquo;art,<\/li><li>r\u00e9habilitation de parkings souterrains.<\/li><\/ul>\n\n\n\n<figure class=\"wp-block-image is-resized\"><a href=\"http:\/\/societetpm.com\/index.php\/ouvrages-de-maconnerie\/\" target=\"_blank\" rel=\"noreferrer noopener\"><img loading=\"lazy\" decoding=\"async\" src=\"https:\/\/societetpm.com\/wp-content\/uploads\/2019\/10\/Ouvrages-maconnerie2-1024x341.png\" alt=\"Ouvrages de ma\u00e7onnerie\" class=\"wp-image-806\" width=\"512\" height=\"171\" srcset=\"https:\/\/societetpm.com\/wp-content\/uploads\/2019\/10\/Ouvrages-maconnerie2-1024x341.png 1024w, https:\/\/societetpm.com\/wp-content\/uploads\/2019\/10\/Ouvrages-maconnerie2-300x100.png 300w, https:\/\/societetpm.com\/wp-content\/uploads\/2019\/10\/Ouvrages-maconnerie2-768x256.png 768w, https:\/\/societetpm.com\/wp-content\/uploads\/2019\/10\/Ouvrages-maconnerie2-750x250.png 750w, https:\/\/societetpm.com\/wp-content\/uploads\/2019\/10\/Ouvrages-maconnerie2-400x133.png 400w, https:\/\/societetpm.com\/wp-content\/uploads\/2019\/10\/Ouvrages-maconnerie2-430x143.png 430w, https:\/\/societetpm.com\/wp-content\/uploads\/2019\/10\/Ouvrages-maconnerie2-150x50.png 150w, https:\/\/societetpm.com\/wp-content\/uploads\/2019\/10\/Ouvrages-maconnerie2-100x33.png 100w, https:\/\/societetpm.com\/wp-content\/uploads\/2019\/10\/Ouvrages-maconnerie2-24x8.png 24w, https:\/\/societetpm.com\/wp-content\/uploads\/2019\/10\/Ouvrages-maconnerie2-36x12.png 36w, https:\/\/societetpm.com\/wp-content\/uploads\/2019\/10\/Ouvrages-maconnerie2-48x16.png 48w, https:\/\/societetpm.com\/wp-content\/uploads\/2019\/10\/Ouvrages-maconnerie2.png 1500w\" sizes=\"(max-width: 512px) 100vw, 512px\" \/><\/a><\/figure>\n\n\n\n<figure class=\"wp-block-image is-resized\"><a href=\"https:\/\/societetpm.com\/index.php\/ouvrages-de-genie-civil-travaux-speciaux\/\" target=\"_blank\" rel=\"noreferrer noopener\"><img loading=\"lazy\" decoding=\"async\" src=\"https:\/\/societetpm.com\/wp-content\/uploads\/2019\/08\/Travaux-speciaux-1024x341.png\" alt=\"\" class=\"wp-image-607\" width=\"512\" height=\"171\" srcset=\"https:\/\/societetpm.com\/wp-content\/uploads\/2019\/08\/Travaux-speciaux-1024x341.png 1024w, https:\/\/societetpm.com\/wp-content\/uploads\/2019\/08\/Travaux-speciaux-300x100.png 300w, https:\/\/societetpm.com\/wp-content\/uploads\/2019\/08\/Travaux-speciaux-768x256.png 768w, https:\/\/societetpm.com\/wp-content\/uploads\/2019\/08\/Travaux-speciaux-750x250.png 750w, https:\/\/societetpm.com\/wp-content\/uploads\/2019\/08\/Travaux-speciaux-400x133.png 400w, https:\/\/societetpm.com\/wp-content\/uploads\/2019\/08\/Travaux-speciaux-430x143.png 430w, https:\/\/societetpm.com\/wp-content\/uploads\/2019\/08\/Travaux-speciaux-150x50.png 150w, https:\/\/societetpm.com\/wp-content\/uploads\/2019\/08\/Travaux-speciaux-100x33.png 100w, https:\/\/societetpm.com\/wp-content\/uploads\/2019\/08\/Travaux-speciaux-24x8.png 24w, https:\/\/societetpm.com\/wp-content\/uploads\/2019\/08\/Travaux-speciaux-36x12.png 36w, https:\/\/societetpm.com\/wp-content\/uploads\/2019\/08\/Travaux-speciaux-48x16.png 48w, https:\/\/societetpm.com\/wp-content\/uploads\/2019\/08\/Travaux-speciaux.png 1500w\" sizes=\"(max-width: 512px) 100vw, 512px\" \/><\/a><\/figure>\n","protected":false},"excerpt":{"rendered":"<p>TPM poss\u00e8de des \u00e9quipes sp\u00e9cialis\u00e9es dans le domaine de la ma\u00e7onnerie traditionnelle et de la mise en \u0153uvre de b\u00e9ton arm\u00e9. Cette sp\u00e9cialisation nous permet de r\u00e9pondre et de satisfaire [&hellip;]<\/p>\n","protected":false},"author":1,"featured_media":0,"parent":0,"menu_order":0,"comment_status":"closed","ping_status":"closed","template":"","meta":{"footnotes":""},"_links":{"self":[{"href":"https:\/\/societetpm.com\/index.php\/wp-json\/wp\/v2\/pages\/95"}],"collection":[{"href":"https:\/\/societetpm.com\/index.php\/wp-json\/wp\/v2\/pages"}],"about":[{"href":"https:\/\/societetpm.com\/index.php\/wp-json\/wp\/v2\/types\/page"}],"author":[{"embeddable":true,"href":"https:\/\/societetpm.com\/index.php\/wp-json\/wp\/v2\/users\/1"}],"replies":[{"embeddable":true,"href":"https:\/\/societetpm.com\/index.php\/wp-json\/wp\/v2\/comments?post=95"}],"version-history":[{"count":7,"href":"https:\/\/societetpm.com\/index.php\/wp-json\/wp\/v2\/pages\/95\/revisions"}],"predecessor-version":[{"id":827,"href":"https:\/\/societetpm.com\/index.php\/wp-json\/wp\/v2\/pages\/95\/revisions\/827"}],"wp:attachment":[{"href":"https:\/\/societetpm.com\/index.php\/wp-json\/wp\/v2\/media?parent=95"}],"curies":[{"name":"wp","href":"https:\/\/api.w.org\/{rel}","templated":true}]}}