{"id":57,"date":"2019-08-19T21:53:00","date_gmt":"2019-08-19T19:53:00","guid":{"rendered":"http:\/\/societetpm.com\/?page_id=57"},"modified":"2020-06-16T22:10:44","modified_gmt":"2020-06-16T20:10:44","slug":"amenagements-urbains-voirie","status":"publish","type":"page","link":"https:\/\/societetpm.com\/index.php\/amenagements-urbains-voirie\/","title":{"rendered":"Am\u00e9nagements urbains &#8211; Voirie"},"content":{"rendered":"\t\t<div data-elementor-type=\"wp-post\" data-elementor-id=\"57\" class=\"elementor elementor-57\" data-elementor-settings=\"[]\">\n\t\t\t<div class=\"elementor-inner\">\n\t\t\t\t<div class=\"elementor-section-wrap\">\n\t\t\t\t\t\t\t<section class=\"elementor-element elementor-element-3717b7f elementor-section-boxed elementor-section-height-default elementor-section-height-default elementor-section elementor-top-section\" data-id=\"3717b7f\" data-element_type=\"section\">\n\t\t\t\t\t\t<div class=\"elementor-container elementor-column-gap-default\">\n\t\t\t\t<div class=\"elementor-row\">\n\t\t\t\t<div class=\"elementor-element elementor-element-94a4c9d elementor-column elementor-col-100 elementor-top-column\" data-id=\"94a4c9d\" data-element_type=\"column\">\n\t\t\t<div class=\"elementor-column-wrap  elementor-element-populated\">\n\t\t\t\t\t<div class=\"elementor-widget-wrap\">\n\t\t\t\t<div class=\"elementor-element elementor-element-f8ba42b elementor-arrows-position-inside elementor-widget elementor-widget-image-carousel\" data-id=\"f8ba42b\" data-element_type=\"widget\" data-settings=\"{&quot;image_spacing_custom&quot;:{&quot;unit&quot;:&quot;px&quot;,&quot;size&quot;:7,&quot;sizes&quot;:[]},&quot;navigation&quot;:&quot;arrows&quot;,&quot;direction&quot;:&quot;rtl&quot;,&quot;pause_on_hover&quot;:&quot;yes&quot;,&quot;autoplay&quot;:&quot;yes&quot;,&quot;autoplay_speed&quot;:5000,&quot;infinite&quot;:&quot;yes&quot;,&quot;speed&quot;:500}\" data-widget_type=\"image-carousel.default\">\n\t\t\t\t<div class=\"elementor-widget-container\">\n\t\t\t\t\t<div class=\"elementor-image-carousel-wrapper swiper-container\" dir=\"rtl\">\n\t\t\t<div class=\"elementor-image-carousel swiper-wrapper\">\n\t\t\t\t<div class=\"swiper-slide\"><figure class=\"swiper-slide-inner\"><img decoding=\"async\" class=\"swiper-slide-image\" src=\"https:\/\/societetpm.com\/wp-content\/uploads\/elementor\/thumbs\/Am\u00e9nagement-ext.-1-ocwju0n5qpjwsnfj5a07ujob75w8gl1elv32hz859c.jpg\" alt=\"Am\u00e9nagement ext.\" \/><\/figure><\/div><div class=\"swiper-slide\"><figure class=\"swiper-slide-inner\"><img decoding=\"async\" class=\"swiper-slide-image\" src=\"https:\/\/societetpm.com\/wp-content\/uploads\/elementor\/thumbs\/Aubervilliers-1-ocwju5ccovqcep8pdu1cp0hm6392j2k2aichwd16e8.jpg\" alt=\"Aubervilliers\" \/><\/figure><\/div><div class=\"swiper-slide\"><figure class=\"swiper-slide-inner\"><img decoding=\"async\" class=\"swiper-slide-image\" src=\"https:\/\/societetpm.com\/wp-content\/uploads\/elementor\/thumbs\/CDP_PHO_CH_drancy-garantie-abc-17-ocwjvbn38fc8x5j9iubkb7tcwfgl5g7zgbpchtagm8.jpg\" alt=\"CDP_PHO_CH_drancy garantie abc (17)\" \/><\/figure><\/div><div class=\"swiper-slide\"><figure class=\"swiper-slide-inner\"><img decoding=\"async\" class=\"swiper-slide-image\" src=\"https:\/\/societetpm.com\/wp-content\/uploads\/elementor\/thumbs\/CDP_PHO_CH_parc-des-sources-Gagny_22092015-28-ocwjw4s34ag4x2cxsowzyignbdgys2fnwbxede399c.jpg\" alt=\"CDP_PHO_CH_parc des sources Gagny_22092015 (28)\" \/><\/figure><\/div><div class=\"swiper-slide\"><figure class=\"swiper-slide-inner\"><img decoding=\"async\" class=\"swiper-slide-image\" src=\"https:\/\/societetpm.com\/wp-content\/uploads\/elementor\/thumbs\/CDP_PHO_CH_parc-des-sources-Gagny_29102015-21-ocwjxb2tnu21finhxp77kpse1poheg3l25a8yucjhc.jpg\" alt=\"CDP_PHO_CH_parc des sources Gagny_29102015 (21)\" \/><\/figure><\/div><div class=\"swiper-slide\"><figure class=\"swiper-slide-inner\"><img decoding=\"async\" class=\"swiper-slide-image\" src=\"https:\/\/societetpm.com\/wp-content\/uploads\/elementor\/thumbs\/CDP_PHO_CH_Ronceray_20140616_576-ocwjxmcvxuhhau743u2qemxx6c4vytcd3p42q5vteo.jpg\" alt=\"CDP_PHO_CH_Ronceray_20140616_576\" \/><\/figure><\/div><div class=\"swiper-slide\"><figure class=\"swiper-slide-inner\"><img decoding=\"async\" class=\"swiper-slide-image\" src=\"https:\/\/societetpm.com\/wp-content\/uploads\/elementor\/thumbs\/CDP_PHO_CH_Ronceray_20140616_611-ocwjyow9q1y8iun4usqfqv7tj4uxqelcwzuzeiaobk.jpg\" alt=\"CDP_PHO_CH_Ronceray_20140616_611\" \/><\/figure><\/div><div class=\"swiper-slide\"><figure class=\"swiper-slide-inner\"><img decoding=\"async\" class=\"swiper-slide-image\" src=\"https:\/\/societetpm.com\/wp-content\/uploads\/elementor\/thumbs\/CDP_PHO_CH_Ronceray_20140616_622-ocwjzrfni9ezqv35lre533hpvxkzhzucqalw2upj8g.jpg\" alt=\"CDP_PHO_CH_Ronceray_20140616_622\" \/><\/figure><\/div><div class=\"swiper-slide\"><figure class=\"swiper-slide-inner\"><img decoding=\"async\" class=\"swiper-slide-image\" src=\"https:\/\/societetpm.com\/wp-content\/uploads\/elementor\/thumbs\/CDP_PHO_CHANTIER_Domaine-de-Ronceray-Carri\u00e8res-Poissy_29052015-263-ocwk1wif2oci6vz73opjrk1ilj1316cccw3pfjj928.jpg\" alt=\"OLYMPUS DIGITAL CAMERA\" \/><\/figure><\/div><div class=\"swiper-slide\"><figure class=\"swiper-slide-inner\"><img decoding=\"async\" class=\"swiper-slide-image\" src=\"https:\/\/societetpm.com\/wp-content\/uploads\/elementor\/thumbs\/CDP_PHO_CHANTIER_Domaine-de-Ronceray-Carri\u00e8res-Poissy_29052015-280-ocwk2opkrpf3v6u8j0wcucxcf363g3gagro9tudfvk.jpg\" alt=\"CDP_PHO_CHANTIER_Domaine de Ronceray - Carri\u00e8res Poissy_29052015 (280)\" \/><\/figure><\/div><div class=\"swiper-slide\"><figure class=\"swiper-slide-inner\"><img decoding=\"async\" class=\"swiper-slide-image\" src=\"https:\/\/societetpm.com\/wp-content\/uploads\/elementor\/thumbs\/CDP_PHO_CHANTIER_Sannois-Ogif_23092015-4-1-ocwk3nhlskqpsrfpvxxjwm5eeceocwacxjt8l2xvhc.jpg\" alt=\"CDP_PHO_CHANTIER_Sannois Ogif_23092015 (4)\" \/><\/figure><\/div><div class=\"swiper-slide\"><figure class=\"swiper-slide-inner\"><img decoding=\"async\" class=\"swiper-slide-image\" src=\"https:\/\/societetpm.com\/wp-content\/uploads\/elementor\/thumbs\/CDP_PHO_Drancy-NordThais_06-2014-40-ocwk76dtf7kfc4beays6r84mld1881a4ezvsdfpq5c.jpg\" alt=\"CDP_PHO_Drancy-Nord&amp;Thais_06-2014 (40)\" \/><\/figure><\/div><div class=\"swiper-slide\"><figure class=\"swiper-slide-inner\"><img decoding=\"async\" class=\"swiper-slide-image\" src=\"https:\/\/societetpm.com\/wp-content\/uploads\/elementor\/thumbs\/CDP_PHO_Drancy-NordThais_06-2014-42-ocwkbawbf17qaibo7qz8p6ngg8p807npneyi75liu8.jpg\" alt=\"CDP_PHO_Drancy-Nord&amp;Thais_06-2014 (42)\" \/><\/figure><\/div><div class=\"swiper-slide\"><figure class=\"swiper-slide-inner\"><img decoding=\"async\" class=\"swiper-slide-image\" src=\"https:\/\/societetpm.com\/wp-content\/uploads\/elementor\/thumbs\/CDP_PHO_Drancy-NordThais_06-2014-167-ocwkfqovovah47vkao1th2btfqtmcra2xdv1s70lgg.jpg\" alt=\"CDP_PHO_Drancy-Nord&amp;Thais_06-2014 (167)\" \/><\/figure><\/div><div class=\"swiper-slide\"><figure class=\"swiper-slide-inner\"><img decoding=\"async\" class=\"swiper-slide-image\" src=\"https:\/\/societetpm.com\/wp-content\/uploads\/elementor\/thumbs\/CDP_PHO_Drancy-NordThais_08-2013-132-ocwkgg2ite97toup6h0qudx9h5cj4l2u0vh5qnyysg.jpg\" alt=\"CDP_PHO_Drancy-Nord&amp;Thais_08-2013 (132)\" \/><\/figure><\/div><div class=\"swiper-slide\"><figure class=\"swiper-slide-inner\"><img decoding=\"async\" class=\"swiper-slide-image\" src=\"https:\/\/societetpm.com\/wp-content\/uploads\/elementor\/thumbs\/Creteil-Bleuets-ocwkgiw1dwd2siqlq08mjv7n9aymroe119fm6hus9s.jpg\" alt=\"Creteil Bleuets\" \/><\/figure><\/div><div class=\"swiper-slide\"><figure class=\"swiper-slide-inner\"><img decoding=\"async\" class=\"swiper-slide-image\" src=\"https:\/\/societetpm.com\/wp-content\/uploads\/elementor\/thumbs\/DSCN1966-ocwkh3khk95dvxwkd96f2pzsbs4ph0o4g3saql04gw.jpg\" alt=\"DSCN1966\" \/><\/figure><\/div><div class=\"swiper-slide\"><figure class=\"swiper-slide-inner\"><img decoding=\"async\" class=\"swiper-slide-image\" src=\"https:\/\/societetpm.com\/wp-content\/uploads\/elementor\/thumbs\/IMG_3410_1-ocwkh6e04r98ursgwseas7a63xqt43zbghqr6evxy8.jpg\" alt=\"IMG_3410_1\" \/><\/figure><\/div><div class=\"swiper-slide\"><figure class=\"swiper-slide-inner\"><img decoding=\"async\" class=\"swiper-slide-image\" src=\"https:\/\/societetpm.com\/wp-content\/uploads\/elementor\/thumbs\/IMG_4718-ocwkh89oifbthzpqlt7jx6t3aphjji6s4r1q4yt5ls.jpg\" alt=\"IMG_4718\" \/><\/figure><\/div><div class=\"swiper-slide\"><figure class=\"swiper-slide-inner\"><img decoding=\"async\" class=\"swiper-slide-image\" src=\"https:\/\/societetpm.com\/wp-content\/uploads\/elementor\/thumbs\/IMG_4719-ocwkha5cw3ee57n0au0t26c0hh89ywe8t0cp3iqd9c.jpg\" alt=\"IMG_4719\" \/><\/figure><\/div><div class=\"swiper-slide\"><figure class=\"swiper-slide-inner\"><img decoding=\"async\" class=\"swiper-slide-image\" src=\"https:\/\/societetpm.com\/wp-content\/uploads\/elementor\/thumbs\/IMG_4742-ocwkhc119rgysfk9zuu275uxo8z0ealph9no22nkww.jpg\" alt=\"IMG_4742\" \/><\/figure><\/div><div class=\"swiper-slide\"><figure class=\"swiper-slide-inner\"><img decoding=\"async\" class=\"swiper-slide-image\" src=\"https:\/\/societetpm.com\/wp-content\/uploads\/elementor\/thumbs\/IMG_4743-ocwkhdwpnfjjfnhjovnbc5duv0pqtot65iyn0mkskg.jpg\" alt=\"IMG_4743\" \/><\/figure><\/div><div class=\"swiper-slide\"><figure class=\"swiper-slide-inner\"><img decoding=\"async\" class=\"swiper-slide-image\" src=\"https:\/\/societetpm.com\/wp-content\/uploads\/elementor\/thumbs\/IMG_6246-ocwkhfse13m42vetdwgkh4ws1sgh930mts9lz6i080.jpg\" alt=\"IMG_6246\" \/><\/figure><\/div><div class=\"swiper-slide\"><figure class=\"swiper-slide-inner\"><img decoding=\"async\" class=\"swiper-slide-image\" src=\"https:\/\/societetpm.com\/wp-content\/uploads\/elementor\/thumbs\/IMG_6247-ocwkhho2erooq3c32x9tm4fp8k77oh83i1kkxqf7vk.jpg\" alt=\"IMG_6247\" \/><\/figure><\/div><div class=\"swiper-slide\"><figure class=\"swiper-slide-inner\"><img decoding=\"async\" class=\"swiper-slide-image\" src=\"https:\/\/societetpm.com\/wp-content\/uploads\/elementor\/thumbs\/IMG_7507-ocwkhjjqsfr9db9cry32r3ymfbxy3vfk6avjwacfj4.jpg\" alt=\"IMG_7507\" \/><\/figure><\/div><div class=\"swiper-slide\"><figure class=\"swiper-slide-inner\"><img decoding=\"async\" class=\"swiper-slide-image\" src=\"https:\/\/societetpm.com\/wp-content\/uploads\/elementor\/thumbs\/IMG_7509-ocwkhmd9cxv4c559bhaygl907hk1qyqr6ou0c4890g.jpg\" alt=\"IMG_7509\" \/><\/figure><\/div><div class=\"swiper-slide\"><figure class=\"swiper-slide-inner\"><img decoding=\"async\" class=\"swiper-slide-image\" src=\"https:\/\/societetpm.com\/wp-content\/uploads\/elementor\/thumbs\/IMG_7511-ocwkho8xqlxozd2j0i47lkrxe9as6cy7uy4zao5go0.jpg\" alt=\"IMG_7511\" \/><\/figure><\/div><div class=\"swiper-slide\"><figure class=\"swiper-slide-inner\"><img decoding=\"async\" class=\"swiper-slide-image\" src=\"https:\/\/societetpm.com\/wp-content\/uploads\/elementor\/thumbs\/IMG_7526-ocwkhr2gb41jy6yfk1c3b22b6ewvtg9evc3fqi1a5c.jpg\" alt=\"IMG_7526\" \/><\/figure><\/div><div class=\"swiper-slide\"><figure class=\"swiper-slide-inner\"><img decoding=\"async\" class=\"swiper-slide-image\" src=\"https:\/\/societetpm.com\/wp-content\/uploads\/elementor\/thumbs\/IMG_7552-ocwkhsy4os44levp925cg1l8d6nm8ugvjleep1yhsw.jpg\" alt=\"IMG_7552\" \/><\/figure><\/div><div class=\"swiper-slide\"><figure class=\"swiper-slide-inner\"><img decoding=\"async\" class=\"swiper-slide-image\" src=\"https:\/\/societetpm.com\/wp-content\/uploads\/elementor\/thumbs\/IMG_7627-ocwkhutt2g6p8msyy2yll145jyeco8oc7updnlvpgg.jpg\" alt=\"IMG_7627\" \/><\/figure><\/div><div class=\"swiper-slide\"><figure class=\"swiper-slide-inner\"><img decoding=\"async\" class=\"swiper-slide-image\" src=\"https:\/\/societetpm.com\/wp-content\/uploads\/elementor\/thumbs\/MAI_120308_0296_Preview-ocwki2cil4gztii1q67m4z7ub1dadti6wvx9htkk2o.jpg\" alt=\"MAI_120308_0296_Preview\" \/><\/figure><\/div><div class=\"swiper-slide\"><figure class=\"swiper-slide-inner\"><img decoding=\"async\" class=\"swiper-slide-image\" src=\"https:\/\/societetpm.com\/wp-content\/uploads\/elementor\/thumbs\/Nanterre-ocwki486ysjkgqfbf70v9yqrht40t7pnl588gdhrq8.jpg\" alt=\"Nanterre\" \/><\/figure><\/div><div class=\"swiper-slide\"><figure class=\"swiper-slide-inner\"><img decoding=\"async\" class=\"swiper-slide-image\" src=\"https:\/\/societetpm.com\/wp-content\/uploads\/elementor\/thumbs\/thumb_IMG_0842_1024-ocwki8xdwyq02s8hnr204fk2gqguvp8b9shnurasv4.jpg\" alt=\"thumb_IMG_0842_1024\" \/><\/figure><\/div><div class=\"swiper-slide\"><figure class=\"swiper-slide-inner\"><img decoding=\"async\" class=\"swiper-slide-image\" src=\"https:\/\/societetpm.com\/wp-content\/uploads\/elementor\/thumbs\/voirie1-ocwkicoqoav5d8311soieelwu9ybqhn8mb3lrv5868.png\" alt=\"voirie1\" \/><\/figure><\/div>\t\t\t<\/div>\n\t\t\t\t\t\t\t\t\t\t\t\t\t\t\t\t<div class=\"elementor-swiper-button elementor-swiper-button-prev\">\n\t\t\t\t\t\t<i class=\"eicon-chevron-left\" aria-hidden=\"true\"><\/i>\n\t\t\t\t\t\t<span class=\"elementor-screen-only\">Pr\u00e9c\u00e9dent<\/span>\n\t\t\t\t\t<\/div>\n\t\t\t\t\t<div class=\"elementor-swiper-button elementor-swiper-button-next\">\n\t\t\t\t\t\t<i class=\"eicon-chevron-right\" aria-hidden=\"true\"><\/i>\n\t\t\t\t\t\t<span class=\"elementor-screen-only\">Suivant<\/span>\n\t\t\t\t\t<\/div>\n\t\t\t\t\t\t\t\t\t<\/div>\n\t\t\t\t<\/div>\n\t\t\t\t<\/div>\n\t\t\t\t\t\t<\/div>\n\t\t\t<\/div>\n\t\t<\/div>\n\t\t\t\t\t\t<\/div>\n\t\t\t<\/div>\n\t\t<\/section>\n\t\t\t\t<section class=\"elementor-element elementor-element-a1ff955 elementor-section-boxed elementor-section-height-default elementor-section-height-default elementor-section elementor-top-section\" data-id=\"a1ff955\" data-element_type=\"section\">\n\t\t\t\t\t\t<div class=\"elementor-container elementor-column-gap-default\">\n\t\t\t\t<div class=\"elementor-row\">\n\t\t\t\t<div class=\"elementor-element elementor-element-a452d01 elementor-column elementor-col-100 elementor-top-column\" data-id=\"a452d01\" data-element_type=\"column\">\n\t\t\t<div class=\"elementor-column-wrap  elementor-element-populated\">\n\t\t\t\t\t<div class=\"elementor-widget-wrap\">\n\t\t\t\t<div class=\"elementor-element elementor-element-229c724 elementor-drop-cap-yes elementor-drop-cap-view-default elementor-widget elementor-widget-text-editor\" data-id=\"229c724\" data-element_type=\"widget\" data-settings=\"{&quot;drop_cap&quot;:&quot;yes&quot;}\" data-widget_type=\"text-editor.default\">\n\t\t\t\t<div class=\"elementor-widget-container\">\n\t\t\t\t\t<div class=\"elementor-text-editor elementor-clearfix\"><p><span style=\"font-size: 10.0pt; line-height: 115%; font-family: 'Arial',sans-serif; color: black; mso-themecolor: text1; mso-bidi-font-weight: bold;\">Nous sommes sp\u00e9cialis\u00e9s dans la cr\u00e9ation et l\u2019entretien de voiries et r\u00e9seaux divers, que ce soit en milieu occup\u00e9 ou sur domaine publique.<\/span><\/p><p><span style=\"color: black; font-family: Arial, sans-serif; font-size: 10pt; text-align: justify;\">Nos \u00e9quipes r\u00e9alisent depuis maintenant pr\u00e8s de 20 ans, aussi bien de petits travaux en r\u00e9habilitation que des ouvrages plus complexes.<\/span><\/p><p><span style=\"color: black; font-family: Arial, sans-serif; font-size: 10pt; text-align: justify;\">Enfin, sous la ma\u00eetrise d\u2019ouvrage de bailleurs sociaux, nous r\u00e9alisons de nombreux am\u00e9nagements d\u2019espaces ext\u00e9rieurs, de r\u00e9sidentialisations et de requalifications des voiries et espaces verts.<\/span><\/p><p style=\"margin-bottom: .0001pt; text-align: justify; line-height: 115%;\"><span style=\"color: black; font-family: Arial, sans-serif; font-size: 10pt;\">\u00a0<\/span><\/p><p style=\"margin-bottom: .0001pt; text-align: justify; line-height: 115%;\"><span style=\"color: black; font-family: Arial, sans-serif; font-size: 10pt;\"><b>Les diff\u00e9rentes missions de VRD propos\u00e9es par TPM :<\/b><\/span><\/p><p style=\"margin-bottom: .0001pt; text-align: justify; line-height: 115%;\"><span style=\"color: black; font-family: Arial, sans-serif; font-size: 10pt;\"><b>\u00a0<\/b><\/span><\/p><ul><li><span style=\"color: black; font-family: Arial, sans-serif; font-size: 10pt;\">l&rsquo;am\u00e9nagement urbain,<\/span><\/li><li><span style=\"color: black; font-family: Arial, sans-serif; font-size: 10pt; text-indent: -18pt;\">l\u2019infrastructure VRD : les VRD concerne la voirie (routes, chauss\u00e9es, bordures, trottoirs\u2026) et les r\u00e9seaux divers (r\u00e9seaux d\u2019adduction d\u2019eau potable, \u00e9lectrique, basse tension, Telecom\u2026),<\/span><\/li><li><span style=\"text-indent: -18pt; font-size: 10pt; line-height: 115%; font-family: Arial, sans-serif; color: black;\">l\u2019assainissement.<\/span><\/li><\/ul><p style=\"margin-bottom: .0001pt; text-align: justify; line-height: 115%;\"><span style=\"text-indent: -18pt; font-size: 10pt; line-height: 115%; font-family: Arial, sans-serif; color: black;\">\u00a0<\/span><\/p><p style=\"margin-bottom: .0001pt; text-align: justify; line-height: 115%;\"><span style=\"color: black; font-family: Arial, sans-serif; font-size: 10pt;\">\u00a0<\/span><span style=\"font-weight: bold; color: black; font-family: Arial, sans-serif; font-size: 10pt;\">Les travaux de VRD r\u00e9alis\u00e9s par TPM comprennent :<\/span><\/p><p style=\"margin-bottom: .0001pt; text-align: justify; line-height: 115%;\"><span style=\"font-weight: bold; color: black; font-family: Arial, sans-serif; font-size: 10pt;\">\u00a0<\/span><\/p><ul><li><span style=\"color: black; font-family: Arial, sans-serif; font-size: 10pt;\">les terrassements g\u00e9n\u00e9raux des voies et des trottoirs,<\/span><\/li><li><span style=\"color: black; font-family: Arial, sans-serif; font-size: 10pt;\">la r\u00e9alisation des r\u00e9seaux de collecte des eaux us\u00e9es et pluviales et des r\u00e9seaux de distribution,<\/span><\/li><li><span style=\"color: black; font-family: Arial, sans-serif; font-size: 10pt;\">la cr\u00e9ation de bassin ou de noues de r\u00e9tention des eaux pluviales, avec ouvrages de r\u00e9gulation et de d\u00e9pollution,<\/span><\/li><li><span style=\"color: black; font-family: Arial, sans-serif; font-size: 10pt;\">l\u2019\u00e9tude le dimensionnement et la mise en \u0153uvre de la structure de fondation,<\/span><\/li><li><span style=\"color: black; font-family: Arial, sans-serif; font-size: 10pt;\">la pose de bordures, b\u00e9ton, pierre naturelle, muret de sout\u00e8nement, gabion,<\/span><\/li><li><span style=\"color: black; font-family: Arial, sans-serif; font-size: 10pt;\">la r\u00e9alisation des rev\u00eatements de chauss\u00e9e et de trottoirs (enrob\u00e9s \u00e0 chaud manuellement et \u00e0 la machine) tels que du b\u00e9ton d\u00e9sactiv\u00e9, de l\u2019asphalte color\u00e9, le pavage en b\u00e9ton et pierre naturelle, dallage perm\u00e9able\u2026etc..<\/span><\/li><li><span style=\"font-size: 10.0pt; line-height: 115%; font-family: 'Arial',sans-serif; color: black; mso-themecolor: text1; mso-bidi-font-weight: bold;\">ma\u00e7onnerie, murets ma\u00e7onn\u00e9s, margelle granit, mur pr\u00e9fabriqu\u00e9 qualitatif\u2026etc.<\/span><\/li><\/ul><p style=\"margin-bottom: .0001pt; text-align: justify; line-height: 115%;\">\u00a0<\/p><\/div>\n\t\t\t\t<\/div>\n\t\t\t\t<\/div>\n\t\t\t\t\t\t<\/div>\n\t\t\t<\/div>\n\t\t<\/div>\n\t\t\t\t\t\t<\/div>\n\t\t\t<\/div>\n\t\t<\/section>\n\t\t\t\t\t\t<\/div>\n\t\t\t<\/div>\n\t\t<\/div>\n\t\t","protected":false},"excerpt":{"rendered":"<p>Pr\u00e9c\u00e9dent Suivant Nous sommes sp\u00e9cialis\u00e9s dans la cr\u00e9ation et l\u2019entretien de voiries et r\u00e9seaux divers, que ce soit en milieu occup\u00e9 ou sur domaine publique. Nos \u00e9quipes r\u00e9alisent depuis maintenant [&hellip;]<\/p>\n","protected":false},"author":1,"featured_media":0,"parent":0,"menu_order":0,"comment_status":"closed","ping_status":"closed","template":"","meta":{"footnotes":""},"_links":{"self":[{"href":"https:\/\/societetpm.com\/index.php\/wp-json\/wp\/v2\/pages\/57"}],"collection":[{"href":"https:\/\/societetpm.com\/index.php\/wp-json\/wp\/v2\/pages"}],"about":[{"href":"https:\/\/societetpm.com\/index.php\/wp-json\/wp\/v2\/types\/page"}],"author":[{"embeddable":true,"href":"https:\/\/societetpm.com\/index.php\/wp-json\/wp\/v2\/users\/1"}],"replies":[{"embeddable":true,"href":"https:\/\/societetpm.com\/index.php\/wp-json\/wp\/v2\/comments?post=57"}],"version-history":[{"count":32,"href":"https:\/\/societetpm.com\/index.php\/wp-json\/wp\/v2\/pages\/57\/revisions"}],"predecessor-version":[{"id":871,"href":"https:\/\/societetpm.com\/index.php\/wp-json\/wp\/v2\/pages\/57\/revisions\/871"}],"wp:attachment":[{"href":"https:\/\/societetpm.com\/index.php\/wp-json\/wp\/v2\/media?parent=57"}],"curies":[{"name":"wp","href":"https:\/\/api.w.org\/{rel}","templated":true}]}}