{"id":5,"date":"2019-08-19T21:14:00","date_gmt":"2019-08-19T19:14:00","guid":{"rendered":"http:\/\/societetpm.com\/?page_id=5"},"modified":"2019-10-28T14:31:51","modified_gmt":"2019-10-28T13:31:51","slug":"a-propos","status":"publish","type":"page","link":"https:\/\/societetpm.com\/","title":{"rendered":"A propos"},"content":{"rendered":"\n<p>Travaux Publics et Maintenance est avant tout une aventure humaine \u00e0\nl\u2019\u00e9chelle d\u2019une entreprise familiale avec toutes ses valeurs fondamentales, qui\nse sont transmises et perp\u00e9tu\u00e9es durant toutes ces ann\u00e9es. <\/p>\n\n\n\n<p>Forte de 20 ans d\u2019exp\u00e9rience, TPM s\u2019est sp\u00e9cialis\u00e9e dans l\u2019am\u00e9nagement\nurbain, la voirie publique, la requalification des espaces ext\u00e9rieurs, en\nmilieu occup\u00e9 pour les bailleurs sociaux publics et priv\u00e9s.<\/p>\n\n\n\n<p>Nos \u00e9quipes interviennent sur les plus grandes op\u00e9rations d\u2019am\u00e9nagement\nplus ou moins complexes, de type ZAC, cr\u00e9ation de voiries, ainsi que dans le\ncadre de march\u00e9s \u00e0 bons de commande d\u2019entretien.<\/p>\n\n\n\n<p>Les partenariats avec nos soci\u00e9t\u00e9s sous-traitantes nous permettent de traiter en entreprise g\u00e9n\u00e9rale les chantiers complets pour tous les corps d\u2019\u00e9tat tel que ceux r\u00e9alis\u00e9s pour le compte du bailleur social EFIDIS, 2 des plus importants chantiers de la d\u00e9cennie, \u00e0 VILLEPINTE \/ R\u00e9sidence Fontaine Mallet et \u00e0 <a href=\"https:\/\/www.agencerva.com\/wp-content\/uploads\/2019\/09\/2019.09-LE-MONITEUR-Les-Bleuets-retrouvent-des-couleurs_light.pdf\" target=\"_blank\" rel=\"noreferrer noopener\" aria-label=\"CR\u00c9TEIL \/ R\u00e9sidence des Bleuets (s\u2019ouvre dans un nouvel onglet)\">CR\u00c9TEIL \/ R\u00e9sidence des Bleuets<\/a>.<\/p>\n\n\n\n<p>En janvier 2002, nous avons lanc\u00e9 officiellement notre d\u00e9marche RSE gr\u00e2ce\n\u00e0 un travail pr\u00e9paratoire r\u00e9alis\u00e9 en amont. Un audit au printemps qui conclut \u00e0\nun niveau d\u2019avancement d\u00e9j\u00e0 valorisant et des perspectives de progr\u00e8s. L\u2019audit\na r\u00e9v\u00e9l\u00e9 un niveau de ma\u00eetrise d\u00e9j\u00e0 avanc\u00e9 de TPM dans l\u2019appr\u00e9hension de sa\nd\u00e9marche RSE.<\/p>\n","protected":false},"excerpt":{"rendered":"<p>Travaux Publics et Maintenance est avant tout une aventure humaine \u00e0 l\u2019\u00e9chelle d\u2019une entreprise familiale avec toutes ses valeurs fondamentales, qui se sont transmises et perp\u00e9tu\u00e9es durant toutes ces ann\u00e9es. [&hellip;]<\/p>\n","protected":false},"author":1,"featured_media":38,"parent":0,"menu_order":0,"comment_status":"closed","ping_status":"closed","template":"","meta":{"footnotes":""},"_links":{"self":[{"href":"https:\/\/societetpm.com\/index.php\/wp-json\/wp\/v2\/pages\/5"}],"collection":[{"href":"https:\/\/societetpm.com\/index.php\/wp-json\/wp\/v2\/pages"}],"about":[{"href":"https:\/\/societetpm.com\/index.php\/wp-json\/wp\/v2\/types\/page"}],"author":[{"embeddable":true,"href":"https:\/\/societetpm.com\/index.php\/wp-json\/wp\/v2\/users\/1"}],"replies":[{"embeddable":true,"href":"https:\/\/societetpm.com\/index.php\/wp-json\/wp\/v2\/comments?post=5"}],"version-history":[{"count":18,"href":"https:\/\/societetpm.com\/index.php\/wp-json\/wp\/v2\/pages\/5\/revisions"}],"predecessor-version":[{"id":858,"href":"https:\/\/societetpm.com\/index.php\/wp-json\/wp\/v2\/pages\/5\/revisions\/858"}],"wp:featuredmedia":[{"embeddable":true,"href":"https:\/\/societetpm.com\/index.php\/wp-json\/wp\/v2\/media\/38"}],"wp:attachment":[{"href":"https:\/\/societetpm.com\/index.php\/wp-json\/wp\/v2\/media?parent=5"}],"curies":[{"name":"wp","href":"https:\/\/api.w.org\/{rel}","templated":true}]}}