{"id":43,"date":"2019-08-19T21:38:38","date_gmt":"2019-08-19T19:38:38","guid":{"rendered":"http:\/\/societetpm.com\/?page_id=43"},"modified":"2019-10-27T18:51:30","modified_gmt":"2019-10-27T17:51:30","slug":"assainissement-et-reseaux","status":"publish","type":"page","link":"https:\/\/societetpm.com\/index.php\/assainissement-et-reseaux\/","title":{"rendered":"Assainissement et r\u00e9seaux"},"content":{"rendered":"\t\t<div data-elementor-type=\"wp-post\" data-elementor-id=\"43\" class=\"elementor elementor-43\" data-elementor-settings=\"[]\">\n\t\t\t<div class=\"elementor-inner\">\n\t\t\t\t<div class=\"elementor-section-wrap\">\n\t\t\t\t\t\t\t<section class=\"elementor-element elementor-element-ec443c2 elementor-section-boxed elementor-section-height-default elementor-section-height-default elementor-section elementor-top-section\" data-id=\"ec443c2\" data-element_type=\"section\">\n\t\t\t\t\t\t<div class=\"elementor-container elementor-column-gap-default\">\n\t\t\t\t<div class=\"elementor-row\">\n\t\t\t\t<div class=\"elementor-element elementor-element-e8b1544 elementor-column elementor-col-100 elementor-top-column\" data-id=\"e8b1544\" data-element_type=\"column\">\n\t\t\t<div class=\"elementor-column-wrap  elementor-element-populated\">\n\t\t\t\t\t<div class=\"elementor-widget-wrap\">\n\t\t\t\t<div class=\"elementor-element elementor-element-ae99475 elementor-widget__width-inherit elementor-arrows-position-inside elementor-widget elementor-widget-image-carousel\" data-id=\"ae99475\" data-element_type=\"widget\" data-settings=\"{&quot;direction&quot;:&quot;rtl&quot;,&quot;image_spacing_custom&quot;:{&quot;unit&quot;:&quot;px&quot;,&quot;size&quot;:7,&quot;sizes&quot;:[]},&quot;navigation&quot;:&quot;arrows&quot;,&quot;pause_on_hover&quot;:&quot;yes&quot;,&quot;autoplay&quot;:&quot;yes&quot;,&quot;autoplay_speed&quot;:5000,&quot;infinite&quot;:&quot;yes&quot;,&quot;speed&quot;:500}\" data-widget_type=\"image-carousel.default\">\n\t\t\t\t<div class=\"elementor-widget-container\">\n\t\t\t\t\t<div class=\"elementor-image-carousel-wrapper swiper-container\" dir=\"rtl\">\n\t\t\t<div class=\"elementor-image-carousel swiper-wrapper swiper-image-stretch\">\n\t\t\t\t<div class=\"swiper-slide\"><figure class=\"swiper-slide-inner\"><img decoding=\"async\" class=\"swiper-slide-image\" src=\"https:\/\/societetpm.com\/wp-content\/uploads\/elementor\/thumbs\/IMG-REC-ocwmcjhn569giq3lytixla5rrdxfeymilpgnhphg20.jpg\" alt=\"IMG REC\" \/><\/figure><\/div><div class=\"swiper-slide\"><figure class=\"swiper-slide-inner\"><img decoding=\"async\" class=\"swiper-slide-image\" src=\"https:\/\/societetpm.com\/wp-content\/uploads\/elementor\/thumbs\/IMG_7886-ocsxnkvcj0yn8mwj2ga2d8cht8ypz3f2txxaumbzwo.jpg\" alt=\"IMG_7886\" \/><\/figure><\/div><div class=\"swiper-slide\"><figure class=\"swiper-slide-inner\"><img decoding=\"async\" class=\"swiper-slide-image\" src=\"https:\/\/societetpm.com\/wp-content\/uploads\/elementor\/thumbs\/TUBAO-TPM-ocsxsbxz2vgtxo01bi85z16dxdjiw0a85gno6zacg8.jpeg\" alt=\"TUBAO-TPM\" \/><\/figure><\/div><div class=\"swiper-slide\"><figure class=\"swiper-slide-inner\"><img decoding=\"async\" class=\"swiper-slide-image\" src=\"https:\/\/societetpm.com\/wp-content\/uploads\/elementor\/thumbs\/IMG_3108-4-ocsxrfzgmi92yxagi4eum98pq9x1marcp2h5vklqbs.jpg\" alt=\"IMG_3108\" \/><\/figure><\/div><div class=\"swiper-slide\"><figure class=\"swiper-slide-inner\"><img decoding=\"async\" class=\"swiper-slide-image\" src=\"https:\/\/societetpm.com\/wp-content\/uploads\/elementor\/thumbs\/r\u00e9seau_ass1-ocsxnx38zvfdfkes33k7rn9hj9ahr5rl7mem37tvns.png\" alt=\"r\u00e9seau_ass1\" \/><\/figure><\/div><div class=\"swiper-slide\"><figure class=\"swiper-slide-inner\"><img decoding=\"async\" class=\"swiper-slide-image\" src=\"https:\/\/societetpm.com\/wp-content\/uploads\/elementor\/thumbs\/IMG_3073-1-ocsxre3s8u6ibpd6t3llh9psji6b6wjw0t66x0oio8.jpg\" alt=\"IMG_3073\" \/><\/figure><\/div><div class=\"swiper-slide\"><figure class=\"swiper-slide-inner\"><img decoding=\"async\" class=\"swiper-slide-image\" src=\"https:\/\/societetpm.com\/wp-content\/uploads\/elementor\/thumbs\/IMG_3184-1-ocsxs94gidcyyu44rz0a9jw057xf8wz152p7r5eiyw.jpg\" alt=\"IMG_3184\" \/><\/figure><\/div><div class=\"swiper-slide\"><figure class=\"swiper-slide-inner\"><img decoding=\"async\" class=\"swiper-slide-image\" src=\"https:\/\/societetpm.com\/wp-content\/uploads\/elementor\/thumbs\/IMG_3183-1-ocsxs6axxv9400888fsek2lmd2bbltnu4oqrbbiphk.jpg\" alt=\"IMG_3183\" \/><\/figure><\/div>\t\t\t<\/div>\n\t\t\t\t\t\t\t\t\t\t\t\t\t\t\t\t<div class=\"elementor-swiper-button elementor-swiper-button-prev\">\n\t\t\t\t\t\t<i class=\"eicon-chevron-left\" aria-hidden=\"true\"><\/i>\n\t\t\t\t\t\t<span class=\"elementor-screen-only\">Pr\u00e9c\u00e9dent<\/span>\n\t\t\t\t\t<\/div>\n\t\t\t\t\t<div class=\"elementor-swiper-button elementor-swiper-button-next\">\n\t\t\t\t\t\t<i class=\"eicon-chevron-right\" aria-hidden=\"true\"><\/i>\n\t\t\t\t\t\t<span class=\"elementor-screen-only\">Suivant<\/span>\n\t\t\t\t\t<\/div>\n\t\t\t\t\t\t\t\t\t<\/div>\n\t\t\t\t<\/div>\n\t\t\t\t<\/div>\n\t\t\t\t\t\t<\/div>\n\t\t\t<\/div>\n\t\t<\/div>\n\t\t\t\t\t\t<\/div>\n\t\t\t<\/div>\n\t\t<\/section>\n\t\t\t\t<section class=\"elementor-element elementor-element-d8d44cb elementor-section-boxed elementor-section-height-default elementor-section-height-default elementor-section elementor-top-section\" data-id=\"d8d44cb\" data-element_type=\"section\">\n\t\t\t\t\t\t<div class=\"elementor-container elementor-column-gap-default\">\n\t\t\t\t<div class=\"elementor-row\">\n\t\t\t\t<div class=\"elementor-element elementor-element-5f121d9 elementor-column elementor-col-100 elementor-top-column\" data-id=\"5f121d9\" data-element_type=\"column\">\n\t\t\t<div class=\"elementor-column-wrap  elementor-element-populated\">\n\t\t\t\t\t<div class=\"elementor-widget-wrap\">\n\t\t\t\t<div class=\"elementor-element elementor-element-f92ea4f elementor-widget elementor-widget-text-editor\" data-id=\"f92ea4f\" data-element_type=\"widget\" data-widget_type=\"text-editor.default\">\n\t\t\t\t<div class=\"elementor-widget-container\">\n\t\t\t\t\t<div class=\"elementor-text-editor elementor-clearfix\"><p style=\"margin-bottom: .0001pt; text-align: justify; line-height: 115%;\"><span style=\"font-size: 10.0pt; line-height: 115%; font-family: 'Arial',sans-serif; color: black; mso-themecolor: text1; mso-bidi-font-weight: bold;\">L&rsquo;assainissement est un ensemble de proc\u00e9d\u00e9s et d\u2019\u00e9quipements de collecte, d&rsquo;\u00e9vacuation et de traitement des eaux-pluviales (E.P.) et des eaux-us\u00e9es (E.U.).<\/span><\/p>\n<p style=\"margin-bottom: .0001pt; text-align: justify; line-height: 115%;\"><span style=\"font-size: 10.0pt; line-height: 115%; font-family: 'Arial',sans-serif; color: black; mso-themecolor: text1; mso-bidi-font-weight: bold;\">&nbsp;<\/span><\/p>\n<p style=\"margin-bottom: .0001pt; text-align: justify; line-height: 115%;\"><span style=\"font-size: 10.0pt; line-height: 115%; font-family: 'Arial',sans-serif; color: black; mso-themecolor: text1; mso-bidi-font-weight: bold;\">Il existe deux types d\u2019assainissements : l&rsquo;<\/span><b><u><span style=\"font-size: 10.0pt; line-height: 115%; font-family: 'Arial',sans-serif; color: black; mso-themecolor: text1;\">assainissement autonome <\/span><\/u><\/b><span style=\"font-size: 10.0pt; line-height: 115%; font-family: 'Arial',sans-serif; color: black; mso-themecolor: text1; mso-bidi-font-weight: bold;\">et l&rsquo;<\/span><b><u><span style=\"font-size: 10.0pt; line-height: 115%; font-family: 'Arial',sans-serif; color: black; mso-themecolor: text1;\">assainissement collectif<\/span><\/u><\/b><span style=\"font-size: 10.0pt; line-height: 115%; font-family: 'Arial',sans-serif; color: black; mso-themecolor: text1; mso-bidi-font-weight: bold;\">. Le premier est un syst\u00e8me ind\u00e9pendant comprenant des installations individuelles non reli\u00e9es au r\u00e9seau public. Le second \u00e9vacue les eaux vers un \u00e9quipement collectif, tel qu&rsquo;une installation de traitement, \u00e0 l&rsquo;aide de canalisations enterr\u00e9es et d&rsquo;\u00e9gouts publics.<\/span><\/p>\n<p style=\"margin-bottom: .0001pt; text-align: justify; line-height: 115%;\"><span style=\"font-size: 10.0pt; line-height: 115%; font-family: 'Arial',sans-serif; color: black; mso-themecolor: text1; mso-bidi-font-weight: bold;\">&nbsp;<\/span><\/p>\n<p style=\"margin-bottom: .0001pt; text-align: justify; line-height: 115%;\"><span style=\"font-size: 10.0pt; line-height: 115%; font-family: 'Arial',sans-serif; color: black; mso-themecolor: text1; mso-bidi-font-weight: bold;\">TPM a \u00e9t\u00e9 titulaire du bail de travaux d\u2019assainissement pour la ville de PUTEAUX <u>pendant 8 ans<\/u>.&nbsp;<\/span><span style=\"color: black; font-family: Arial, sans-serif; font-size: 10pt;\">Nous avons de ce fait form\u00e9 des \u00e9quipes sp\u00e9cialis\u00e9es en la mati\u00e8re et notamment pour les travaux d\u2019assainissement visitable du type ovo\u00efde.<\/span><\/p>\n<p style=\"margin-bottom: .0001pt; text-align: justify; line-height: 115%;\"><span style=\"font-size: 10.0pt; line-height: 115%; font-family: 'Arial',sans-serif; color: black; mso-themecolor: text1; mso-bidi-font-weight: bold;\">&nbsp;<\/span><\/p>\n<p style=\"margin-bottom: .0001pt; text-align: justify; line-height: 115%;\"><span style=\"font-size: 10.0pt; line-height: 115%; font-family: 'Arial',sans-serif; color: black; mso-themecolor: text1; mso-bidi-font-weight: bold;\">Notre bureau d\u2019\u00e9tudes a la capacit\u00e9 de dimensionner les r\u00e9seaux \/ canalisations et ouvrages de r\u00e9tention du type bassin d\u2019orage.<\/span><\/p>\n<p style=\"margin-bottom: .0001pt; text-align: justify; line-height: 115%;\"><span style=\"font-size: 10.0pt; line-height: 115%; font-family: 'Arial',sans-serif; color: black; mso-themecolor: text1; mso-bidi-font-weight: bold;\">&nbsp;<\/span><\/p>\n<p style=\"margin-bottom: .0001pt; text-align: justify; line-height: 115%;\"><span style=\"color: black; font-family: Arial, sans-serif; font-size: 10pt;\">Gr\u00e2ce \u00e0 ses \u00e9quipes exp\u00e9riment\u00e9es, TPM r\u00e9pond \u00e0 de nombreux besoins en termes de r\u00e9seaux techniques et d\u2019assainissement du type&nbsp;:<\/span><\/p>\n<p style=\"margin-bottom: .0001pt; text-align: justify; line-height: 115%;\"><span style=\"color: black; font-family: Arial, sans-serif; font-size: 10pt;\">&nbsp;<\/span><\/p>\n<ul>\n<li><span style=\"color: black; font-family: Arial, sans-serif; font-size: 10pt; text-indent: -18pt;\">intervention en renouvellement,<\/span><\/li>\n<li><span style=\"text-indent: -18pt; color: black; font-family: Arial, sans-serif; font-size: 10pt;\">intervention en cr\u00e9ation, <\/span><\/li>\n<li><span style=\"text-indent: -18pt; color: black; font-family: Arial, sans-serif; font-size: 10pt;\"><span style=\"font-size: 10.0pt; line-height: 115%; font-family: 'Arial',sans-serif; color: black; mso-themecolor: text1; mso-bidi-font-weight: bold;\">intervention sur existant tout en conservant le flux EU \/ EP,<\/span><\/span><\/li>\n<li><span style=\"font-size: 10.0pt; line-height: 115%; font-family: 'Arial',sans-serif; color: black; mso-themecolor: text1; mso-bidi-font-weight: bold;\">r\u00e9alisation de bassin de r\u00e9tention enterr\u00e9, alv\u00e9ol\u00e9 \u00e9tanche type bassin WAVIN \u2013 FUNQUE,<\/span><\/li>\n<li><span style=\"font-size: 10.0pt; line-height: 115%; font-family: 'Arial',sans-serif; color: black; mso-themecolor: text1; mso-bidi-font-weight: bold;\">r\u00e9alisation d\u2019assainissement PVC \/ CR8 \/ CR16 \/ ouvrages cadre b\u00e9ton \/ regard pr\u00e9fabriqu\u00e9 sur mesure.<\/span><\/li>\n<\/ul><\/div>\n\t\t\t\t<\/div>\n\t\t\t\t<\/div>\n\t\t\t\t\t\t<\/div>\n\t\t\t<\/div>\n\t\t<\/div>\n\t\t\t\t\t\t<\/div>\n\t\t\t<\/div>\n\t\t<\/section>\n\t\t\t\t\t\t<\/div>\n\t\t\t<\/div>\n\t\t<\/div>\n\t\t","protected":false},"excerpt":{"rendered":"<p>Pr\u00e9c\u00e9dent Suivant L&rsquo;assainissement est un ensemble de proc\u00e9d\u00e9s et d\u2019\u00e9quipements de collecte, d&rsquo;\u00e9vacuation et de traitement des eaux-pluviales (E.P.) et des eaux-us\u00e9es (E.U.). &nbsp; Il existe deux types d\u2019assainissements : [&hellip;]<\/p>\n","protected":false},"author":1,"featured_media":298,"parent":0,"menu_order":0,"comment_status":"closed","ping_status":"closed","template":"","meta":{"footnotes":""},"_links":{"self":[{"href":"https:\/\/societetpm.com\/index.php\/wp-json\/wp\/v2\/pages\/43"}],"collection":[{"href":"https:\/\/societetpm.com\/index.php\/wp-json\/wp\/v2\/pages"}],"about":[{"href":"https:\/\/societetpm.com\/index.php\/wp-json\/wp\/v2\/types\/page"}],"author":[{"embeddable":true,"href":"https:\/\/societetpm.com\/index.php\/wp-json\/wp\/v2\/users\/1"}],"replies":[{"embeddable":true,"href":"https:\/\/societetpm.com\/index.php\/wp-json\/wp\/v2\/comments?post=43"}],"version-history":[{"count":42,"href":"https:\/\/societetpm.com\/index.php\/wp-json\/wp\/v2\/pages\/43\/revisions"}],"predecessor-version":[{"id":848,"href":"https:\/\/societetpm.com\/index.php\/wp-json\/wp\/v2\/pages\/43\/revisions\/848"}],"wp:featuredmedia":[{"embeddable":true,"href":"https:\/\/societetpm.com\/index.php\/wp-json\/wp\/v2\/media\/298"}],"wp:attachment":[{"href":"https:\/\/societetpm.com\/index.php\/wp-json\/wp\/v2\/media?parent=43"}],"curies":[{"name":"wp","href":"https:\/\/api.w.org\/{rel}","templated":true}]}}