{"id":330,"date":"2019-08-25T21:56:50","date_gmt":"2019-08-25T19:56:50","guid":{"rendered":"https:\/\/societetpm.com\/?page_id=330"},"modified":"2020-09-11T11:17:07","modified_gmt":"2020-09-11T09:17:07","slug":"mentions-legales","status":"publish","type":"page","link":"https:\/\/societetpm.com\/index.php\/mentions-legales\/","title":{"rendered":"Mentions l\u00e9gales"},"content":{"rendered":"<p><\/p>\n\n\n<\/p>\n<p>Mentions l\u00e9gales du site internet de la Soci\u00e9t\u00e9 TPM (Travaux Publics et Maintenance) : https:\/\/www.societetpm.com\u00a0<\/p>\n<p>\u2013 Propri\u00e9taire du site https:\/\/www.societetpm.com\u00a0: Soci\u00e9t\u00e9 TPM &#8211; 1, Rue Edmond Michelet &#8211; 93360 NEUILLY PLAISANCE<\/p>\n<p>\u2013 \u00c9diteur du site https:\/\/www.societetpm.com\u00a0: <a href=\"https:\/\/arcadmi-gestion.fr\/\" target=\"_blank\" rel=\"noopener noreferrer\">ARCADMI GESTION<\/a>, RAJOBSON Tojovatosoa, 16 Rue Maurice Ravel, 77870 VULAINES SUR SEINE. Tel : 07 60 58 03 10 \u2013 Email : contact@arcadmi-gestion.fr \u2013 SIRET : 529 949 653 00016 \u2013 RM : 529 949 653 RM 77 \u2013 Code APRM : 8211ZP .<\/p>\n<p>\u2013 Signes distinctifs : Le nom de domaine https:\/\/www.societetpm.com\u00a0appartient \u00e0 la Soci\u00e9t\u00e9 TPM &#8211; 1, Rue Edmond Michelet &#8211; 93360 NEUILLY PLAISANCE<\/p>\n<p>\u2013 H\u00e9bergement du site https:\/\/www.societetpm.com\u00a0: Le site est h\u00e9berg\u00e9 par OVH, SAS au capital de 10 069 020 \u20ac RCS Lille M\u00e9tropole 424 761 419 00045 Code APE 2620Z N\u00b0 TVA : FR 22 424 761 419 Si\u00e8ge social : 2 rue Kellermann \u2013 59100 Roubaix \u2013 France<\/p>\n<p>\u2013 Statut administratif : Soci\u00e9t\u00e9 TPM &#8211; 1, Rue Edmond Michelet &#8211; 93360 NEUILLY PLAISANCE \u2013 SASU au capital de 48\u00a0000 \u20ac &#8211; N\u00b0 de SIRET\u00a0: 43380256800041<\/p>\n<p>\u2013 Important : Les droits de propri\u00e9t\u00e9 intellectuelle aff\u00e9rents au site https:\/\/www.societetpm.com\u00a0\u00a0 appartiennent \u00e0 la Soci\u00e9t\u00e9 TPM. Toute utilisation, reproduction, diffusion, commercialisation, modification de toute ou partie du site, sans l\u2019autorisation de la Soci\u00e9t\u00e9 TPM est prohib\u00e9e et pourra entra\u00eener des actions et poursuites judiciaires telles que notamment pr\u00e9vues par le code de la propri\u00e9t\u00e9 intellectuelle et\/ou le code civil.<\/p>\n<p>\n\n\n<p><\/p>","protected":false},"excerpt":{"rendered":"<p>Mentions l\u00e9gales du site internet de la Soci\u00e9t\u00e9 TPM (Travaux Publics et Maintenance) : https:\/\/www.societetpm.com\u00a0 \u2013 Propri\u00e9taire du site https:\/\/www.societetpm.com\u00a0: Soci\u00e9t\u00e9 TPM &#8211; 1, Rue Edmond Michelet &#8211; 93360 NEUILLY [&hellip;]<\/p>\n","protected":false},"author":1,"featured_media":0,"parent":0,"menu_order":0,"comment_status":"closed","ping_status":"closed","template":"","meta":{"footnotes":""},"_links":{"self":[{"href":"https:\/\/societetpm.com\/index.php\/wp-json\/wp\/v2\/pages\/330"}],"collection":[{"href":"https:\/\/societetpm.com\/index.php\/wp-json\/wp\/v2\/pages"}],"about":[{"href":"https:\/\/societetpm.com\/index.php\/wp-json\/wp\/v2\/types\/page"}],"author":[{"embeddable":true,"href":"https:\/\/societetpm.com\/index.php\/wp-json\/wp\/v2\/users\/1"}],"replies":[{"embeddable":true,"href":"https:\/\/societetpm.com\/index.php\/wp-json\/wp\/v2\/comments?post=330"}],"version-history":[{"count":15,"href":"https:\/\/societetpm.com\/index.php\/wp-json\/wp\/v2\/pages\/330\/revisions"}],"predecessor-version":[{"id":874,"href":"https:\/\/societetpm.com\/index.php\/wp-json\/wp\/v2\/pages\/330\/revisions\/874"}],"wp:attachment":[{"href":"https:\/\/societetpm.com\/index.php\/wp-json\/wp\/v2\/media?parent=330"}],"curies":[{"name":"wp","href":"https:\/\/api.w.org\/{rel}","templated":true}]}}